{"id":64,"date":"2025-03-15T15:45:32","date_gmt":"2025-03-15T14:45:32","guid":{"rendered":"https:\/\/myosotis-alzheimer.fr\/?page_id=64"},"modified":"2025-06-09T14:55:44","modified_gmt":"2025-06-09T12:55:44","slug":"elementor-page-64","status":"publish","type":"page","link":"https:\/\/myosotis-alzheimer.fr\/index.php\/elementor-page-64\/","title":{"rendered":"Nous contacter"},"content":{"rendered":"\t\t<div data-elementor-type=\"wp-page\" data-elementor-id=\"64\" class=\"elementor elementor-64\">\n\t\t\t\t<div class=\"elementor-element elementor-element-f2ad8cc e-flex e-con-boxed e-con e-parent\" data-id=\"f2ad8cc\" data-element_type=\"container\">\n\t\t\t\t\t<div class=\"e-con-inner\">\n\t\t\t\t<div class=\"elementor-element elementor-element-00615b2 elementor-widget elementor-widget-content_form_contact\" data-id=\"00615b2\" data-element_type=\"widget\" data-widget_type=\"content_form_contact.default\">\n\t\t\t\t<div class=\"elementor-widget-container\">\n\t\t\t\t\t<form action=\"https:\/\/myosotis-alzheimer.fr\/wp-admin\/admin-post.php\" method=\"post\" name=\"content-form-00615b2\" id=\"content-form-00615b2\" class=\"ti-cf-module content-form content-form-contact content_form_contact\"><input type=\"hidden\" id=\"_wpnonce_contact\" name=\"_wpnonce_contact\" value=\"dd1786cff8\" \/><input type=\"hidden\" name=\"_wp_http_referer\" value=\"\/index.php\/wp-json\/wp\/v2\/pages\/64\" \/><input type=\"hidden\" name=\"action\" value=\"content_form_submit\" \/><input type=\"hidden\" name=\"form-type\" value=\"contact\" \/><input type=\"hidden\" name=\"form-builder\" value=\"elementor\" \/><input type=\"hidden\" name=\"post-id\" value=\"64\" \/><input type=\"hidden\" name=\"form-id\" value=\"00615b2\" \/><fieldset class=\"content-form-field-text elementor-column elementor-col-100\"><label for=\"data[00615b2][name]\" >Nom<span class=\"required-mark\"> *<\/span><\/label><input type=\"text\" name=\"data[00615b2][name]\" id=\"data[00615b2][name]\" required=\"required\"  placeholder=\"Nom\"><\/fieldset><fieldset class=\"content-form-field-text elementor-column elementor-col-100\"><label for=\"data[00615b2][prenom]\" >Pr\u00e9nom<span class=\"required-mark\"> *<\/span><\/label><input type=\"text\" name=\"data[00615b2][prenom]\" id=\"data[00615b2][prenom]\" required=\"required\"  placeholder=\"Pr\u00e9nom\"><\/fieldset><fieldset class=\"content-form-field-email elementor-column elementor-col-100\"><label for=\"data[00615b2][email]\" >Email<span class=\"required-mark\"> *<\/span><\/label><input type=\"text\" name=\"data[00615b2][email]\" id=\"data[00615b2][email]\" required=\"required\"  placeholder=\"Email\"><\/fieldset><fieldset class=\"content-form-field-number elementor-column elementor-col-100\"><label for=\"data[00615b2][phone]\" >T\u00e9l\u00e9phone<\/label><input type=\"text\" name=\"data[00615b2][phone]\" id=\"data[00615b2][phone]\"   placeholder=\"T\u00e9l\u00e9phone\"><\/fieldset><fieldset class=\"content-form-field-textarea elementor-column elementor-col-100\"><label for=\"data[00615b2][message]\" >Message<span class=\"required-mark\"> *<\/span><\/label><textarea name=\"data[00615b2][message]\" id=\"data[00615b2][message]\"  required=\"required\" placeholder=\"Message\" cols=\"30\" rows=\"5\"><\/textarea><\/fieldset><fieldset class=\"submit-form contact\"><button type=\"submit\" name=\"submit\"  value=\"submit-contact-00615b2\" class=\"\">Envoyer<\/button><\/fieldset><\/form>\t\t\t\t<\/div>\n\t\t\t\t<\/div>\n\t\t\t\t\t<\/div>\n\t\t\t\t<\/div>\n\t\t<div class=\"elementor-element elementor-element-f5a9e42 e-con-full e-flex e-con e-parent\" data-id=\"f5a9e42\" data-element_type=\"container\">\n\t\t\t\t<div class=\"elementor-element elementor-element-a69d944 e-n-tabs-mobile elementor-widget elementor-widget-n-tabs\" data-id=\"a69d944\" data-element_type=\"widget\" data-settings=\"{&quot;horizontal_scroll&quot;:&quot;disable&quot;}\" data-widget_type=\"nested-tabs.default\">\n\t\t\t\t<div class=\"elementor-widget-container\">\n\t\t\t\t\t\t\t<div class=\"e-n-tabs\" data-widget-number=\"174709060\" aria-label=\"Tabs. Open items with Enter or Space, close with Escape and navigate using the Arrow keys.\">\n\t\t\t<div class=\"e-n-tabs-heading\" role=\"tablist\">\n\t\t\t\t\t<button id=\"e-n-tab-title-1747090601\" class=\"e-n-tab-title\" aria-selected=\"true\" data-tab-index=\"1\" role=\"tab\" tabindex=\"0\" aria-controls=\"e-n-tab-content-1747090601\" style=\"--n-tabs-title-order: 1;\">\n\t\t\t\t\t\t<span class=\"e-n-tab-title-text\">\n\t\t\t\tLili loubati\u00e8res\t\t\t<\/span>\n\t\t<\/button>\n\t\t\t\t<button id=\"e-n-tab-title-1747090602\" class=\"e-n-tab-title\" aria-selected=\"false\" data-tab-index=\"2\" role=\"tab\" tabindex=\"-1\" aria-controls=\"e-n-tab-content-1747090602\" style=\"--n-tabs-title-order: 2;\">\n\t\t\t\t\t\t<span class=\"e-n-tab-title-text\">\n\t\t\t\tAenor simon\t\t\t<\/span>\n\t\t<\/button>\n\t\t\t\t<button id=\"e-n-tab-title-1747090603\" class=\"e-n-tab-title\" aria-selected=\"false\" data-tab-index=\"3\" role=\"tab\" tabindex=\"-1\" aria-controls=\"e-n-tab-content-1747090603\" style=\"--n-tabs-title-order: 3;\">\n\t\t\t\t\t\t<span class=\"e-n-tab-title-text\">\n\t\t\t\tmila quill\u00e9v\u00e9r\u00e9\t\t\t<\/span>\n\t\t<\/button>\n\t\t\t\t\t<\/div>\n\t\t\t<div class=\"e-n-tabs-content\">\n\t\t\t\t<div id=\"e-n-tab-content-1747090601\" role=\"tabpanel\" aria-labelledby=\"e-n-tab-title-1747090601\" data-tab-index=\"1\" style=\"--n-tabs-title-order: 1;\" class=\"e-active elementor-element elementor-element-8f9347b e-con-full e-flex e-con e-child\" data-id=\"8f9347b\" data-element_type=\"container\">\n\t\t\t\t<div class=\"elementor-element elementor-element-658ae6a elementor-widget elementor-widget-text-editor\" data-id=\"658ae6a\" data-element_type=\"widget\" data-widget_type=\"text-editor.default\">\n\t\t\t\t<div class=\"elementor-widget-container\">\n\t\t\t\t\t\t\t\t\t<p>Num\u00e9ro de t\u00e9l\u00e9phone : +33 7 67 21 47 94\u00a0<\/p>\t\t\t\t\t\t\t\t<\/div>\n\t\t\t\t<\/div>\n\t\t\t\t<\/div>\n\t\t<div id=\"e-n-tab-content-1747090602\" role=\"tabpanel\" aria-labelledby=\"e-n-tab-title-1747090602\" data-tab-index=\"2\" style=\"--n-tabs-title-order: 2;\" class=\" elementor-element elementor-element-765070b e-con-full e-flex e-con e-child\" data-id=\"765070b\" data-element_type=\"container\">\n\t\t\t\t<div class=\"elementor-element elementor-element-69cd6e6 elementor-widget elementor-widget-text-editor\" data-id=\"69cd6e6\" data-element_type=\"widget\" data-widget_type=\"text-editor.default\">\n\t\t\t\t<div class=\"elementor-widget-container\">\n\t\t\t\t\t\t\t\t\t<p>Num\u00e9ro de t\u00e9l\u00e9phone : +33 6 04 15 41 04<\/p>\t\t\t\t\t\t\t\t<\/div>\n\t\t\t\t<\/div>\n\t\t\t\t<\/div>\n\t\t<div id=\"e-n-tab-content-1747090603\" role=\"tabpanel\" aria-labelledby=\"e-n-tab-title-1747090603\" data-tab-index=\"3\" style=\"--n-tabs-title-order: 3;\" class=\" elementor-element elementor-element-b2eed29 e-con-full e-flex e-con e-child\" data-id=\"b2eed29\" data-element_type=\"container\">\n\t\t\t\t<div class=\"elementor-element elementor-element-1fa957a elementor-widget elementor-widget-text-editor\" data-id=\"1fa957a\" data-element_type=\"widget\" data-widget_type=\"text-editor.default\">\n\t\t\t\t<div class=\"elementor-widget-container\">\n\t\t\t\t\t\t\t\t\t<p>Num\u00e9ro de t\u00e9l\u00e9phone : +33 6 14 46 31 40<\/p>\t\t\t\t\t\t\t\t<\/div>\n\t\t\t\t<\/div>\n\t\t\t\t<\/div>\n\t\t\t\t\t<\/div>\n\t\t<\/div>\n\t\t\t\t\t\t<\/div>\n\t\t\t\t<\/div>\n\t\t\t\t<\/div>\n\t\t\t\t<\/div>\n\t\t","protected":false},"excerpt":{"rendered":"<p>Nom * Pr\u00e9nom * Email * T\u00e9l\u00e9phone Message * Envoyer Lili loubati\u00e8res Aenor simon mila quill\u00e9v\u00e9r\u00e9 Num\u00e9ro de t\u00e9l\u00e9phone : +33 7 67 21 47 94\u00a0 Num\u00e9ro de t\u00e9l\u00e9phone : +33 6 04 15 41 04 Num\u00e9ro de t\u00e9l\u00e9phone : +33 6 14 46 31 40 Num\u00e9ro de t\u00e9l\u00e9phone : [&hellip;]<\/p>\n","protected":false},"author":1,"featured_media":0,"parent":0,"menu_order":0,"comment_status":"closed","ping_status":"closed","template":"","meta":{"_themeisle_gutenberg_block_has_review":false,"footnotes":""},"class_list":["post-64","page","type-page","status-publish","hentry"],"_links":{"self":[{"href":"https:\/\/myosotis-alzheimer.fr\/index.php\/wp-json\/wp\/v2\/pages\/64","targetHints":{"allow":["GET"]}}],"collection":[{"href":"https:\/\/myosotis-alzheimer.fr\/index.php\/wp-json\/wp\/v2\/pages"}],"about":[{"href":"https:\/\/myosotis-alzheimer.fr\/index.php\/wp-json\/wp\/v2\/types\/page"}],"author":[{"embeddable":true,"href":"https:\/\/myosotis-alzheimer.fr\/index.php\/wp-json\/wp\/v2\/users\/1"}],"replies":[{"embeddable":true,"href":"https:\/\/myosotis-alzheimer.fr\/index.php\/wp-json\/wp\/v2\/comments?post=64"}],"version-history":[{"count":22,"href":"https:\/\/myosotis-alzheimer.fr\/index.php\/wp-json\/wp\/v2\/pages\/64\/revisions"}],"predecessor-version":[{"id":187,"href":"https:\/\/myosotis-alzheimer.fr\/index.php\/wp-json\/wp\/v2\/pages\/64\/revisions\/187"}],"wp:attachment":[{"href":"https:\/\/myosotis-alzheimer.fr\/index.php\/wp-json\/wp\/v2\/media?parent=64"}],"curies":[{"name":"wp","href":"https:\/\/api.w.org\/{rel}","templated":true}]}}