{"id":40,"date":"2025-03-15T15:12:12","date_gmt":"2025-03-15T14:12:12","guid":{"rendered":"https:\/\/myosotis-alzheimer.fr\/index.php\/accueil-2\/"},"modified":"2025-10-22T18:35:12","modified_gmt":"2025-10-22T16:35:12","slug":"accueil-2","status":"publish","type":"page","link":"https:\/\/myosotis-alzheimer.fr\/","title":{"rendered":"Bienvenue"},"content":{"rendered":"\t\t<div data-elementor-type=\"wp-page\" data-elementor-id=\"40\" class=\"elementor elementor-40\">\n\t\t\t\t<div class=\"elementor-element elementor-element-553bec4b e-flex e-con-boxed e-con e-parent\" data-id=\"553bec4b\" data-element_type=\"container\">\n\t\t\t\t\t<div class=\"e-con-inner\">\n\t\t<div class=\"elementor-element elementor-element-65d6387 e-flex e-con-boxed e-con e-child\" data-id=\"65d6387\" data-element_type=\"container\">\n\t\t\t\t\t<div class=\"e-con-inner\">\n\t\t\t\t<div class=\"elementor-element elementor-element-64068c5 elementor-widget elementor-widget-heading\" data-id=\"64068c5\" data-element_type=\"widget\" data-widget_type=\"heading.default\">\n\t\t\t\t<div class=\"elementor-widget-container\">\n\t\t\t\t\t<h2 class=\"elementor-heading-title elementor-size-default\">Nos prochains \u00e9v\u00e9nements<\/h2>\t\t\t\t<\/div>\n\t\t\t\t<\/div>\n\t\t\t\t<div class=\"elementor-element elementor-element-235296c elementor-widget elementor-widget-heading\" data-id=\"235296c\" data-element_type=\"widget\" data-widget_type=\"heading.default\">\n\t\t\t\t<div class=\"elementor-widget-container\">\n\t\t\t\t\t<h2 class=\"elementor-heading-title elementor-size-default\">Dimanche 21 septembre - Course et marches caritatives<\/h2>\t\t\t\t<\/div>\n\t\t\t\t<\/div>\n\t\t\t\t<div class=\"elementor-element elementor-element-8a99885 elementor-align-center elementor-widget elementor-widget-button\" data-id=\"8a99885\" data-element_type=\"widget\" data-widget_type=\"button.default\">\n\t\t\t\t<div class=\"elementor-widget-container\">\n\t\t\t\t\t\t\t\t\t<div class=\"elementor-button-wrapper\">\n\t\t\t\t\t<a class=\"elementor-button elementor-button-link elementor-size-sm\" href=\"https:\/\/www.helloasso.com\/associations\/myosotis\/evenements\/inscription-au-5km-course\">\n\t\t\t\t\t\t<span class=\"elementor-button-content-wrapper\">\n\t\t\t\t\t\t\t\t\t<span class=\"elementor-button-text\">Je m'inscris<\/span>\n\t\t\t\t\t<\/span>\n\t\t\t\t\t<\/a>\n\t\t\t\t<\/div>\n\t\t\t\t\t\t\t\t<\/div>\n\t\t\t\t<\/div>\n\t\t<div class=\"elementor-element elementor-element-eaec2f4 e-grid e-con-full e-con e-child\" data-id=\"eaec2f4\" data-element_type=\"container\">\n\t\t\t\t<div class=\"elementor-element elementor-element-417853c elementor-widget elementor-widget-image\" data-id=\"417853c\" data-element_type=\"widget\" data-widget_type=\"image.default\">\n\t\t\t\t<div class=\"elementor-widget-container\">\n\t\t\t\t\t\t\t\t\t\t\t\t\t\t\t<img fetchpriority=\"high\" decoding=\"async\" width=\"750\" height=\"938\" src=\"https:\/\/myosotis-alzheimer.fr\/wp-content\/uploads\/2025\/09\/Myosotis-Publication-Instagram-45-819x1024.png\" class=\"attachment-large size-large wp-image-222\" alt=\"\" srcset=\"https:\/\/myosotis-alzheimer.fr\/wp-content\/uploads\/2025\/09\/Myosotis-Publication-Instagram-45-819x1024.png 819w, https:\/\/myosotis-alzheimer.fr\/wp-content\/uploads\/2025\/09\/Myosotis-Publication-Instagram-45-240x300.png 240w, https:\/\/myosotis-alzheimer.fr\/wp-content\/uploads\/2025\/09\/Myosotis-Publication-Instagram-45-768x960.png 768w, https:\/\/myosotis-alzheimer.fr\/wp-content\/uploads\/2025\/09\/Myosotis-Publication-Instagram-45.png 1080w\" sizes=\"(max-width: 750px) 100vw, 750px\" \/>\t\t\t\t\t\t\t\t\t\t\t\t\t\t\t<\/div>\n\t\t\t\t<\/div>\n\t\t\t\t<div class=\"elementor-element elementor-element-7e4621a elementor-widget elementor-widget-text-editor\" data-id=\"7e4621a\" data-element_type=\"widget\" data-widget_type=\"text-editor.default\">\n\t\t\t\t<div class=\"elementor-widget-container\">\n\t\t\t\t\t\t\t\t\t<p><span style=\"font-size: inherit;\">L&#8217;association Myosotis vous propose un \u00e9v\u00e9nement sportif &amp; caritatif.<\/span><\/p><p>Au programme :<\/p><p>3 parcours : course 5 km, marche 5 km et marche 10 km<\/p><p>Buvette et restauration sur place<\/p><p>Salle Kejadenn \u00e0 Logonna-Daoulas &#8211; De 9h \u00e0 13h<\/p><p><b style=\"font-size: inherit;\">ATTENTION : les places sont limit\u00e9es, n&#8217;attendez pas pour vous inscrire<\/b><\/p><p><b style=\"font-size: inherit;\"><a href=\"https:\/\/www.helloasso.com\/associations\/myosotis\">https:\/\/www.helloasso.com\/associations\/myosotis<\/a><\/b><\/p><p><b>L&#8217;ensemble des fonds r\u00e9colt\u00e9s seront revers\u00e9s \u00e0 Innoveo afin de soutenir la recherche sur la maladie d&#8217;Alzheimer.<\/b><\/p>\t\t\t\t\t\t\t\t<\/div>\n\t\t\t\t<\/div>\n\t\t\t\t<\/div>\n\t\t\t\t<div class=\"elementor-element elementor-element-20f21d1 elementor-widget-divider--view-line elementor-widget elementor-widget-divider\" data-id=\"20f21d1\" data-element_type=\"widget\" data-widget_type=\"divider.default\">\n\t\t\t\t<div class=\"elementor-widget-container\">\n\t\t\t\t\t\t\t<div class=\"elementor-divider\">\n\t\t\t<span class=\"elementor-divider-separator\">\n\t\t\t\t\t\t<\/span>\n\t\t<\/div>\n\t\t\t\t\t\t<\/div>\n\t\t\t\t<\/div>\n\t\t\t\t<div class=\"elementor-element elementor-element-aeb0752 elementor-widget elementor-widget-heading\" data-id=\"aeb0752\" data-element_type=\"widget\" data-widget_type=\"heading.default\">\n\t\t\t\t<div class=\"elementor-widget-container\">\n\t\t\t\t\t<h2 class=\"elementor-heading-title elementor-size-default\">Vendredi 12 septembre - Echanges autour d'Alzheimer<\/h2>\t\t\t\t<\/div>\n\t\t\t\t<\/div>\n\t\t\t\t\t<\/div>\n\t\t\t\t<\/div>\n\t\t<div class=\"elementor-element elementor-element-fac5e84 e-grid e-con-full e-con e-child\" data-id=\"fac5e84\" data-element_type=\"container\">\n\t\t\t\t<div class=\"elementor-element elementor-element-55744af elementor-widget elementor-widget-text-editor\" data-id=\"55744af\" data-element_type=\"widget\" data-widget_type=\"text-editor.default\">\n\t\t\t\t<div class=\"elementor-widget-container\">\n\t\t\t\t\t\t\t\t\t<p><span>Nous vous invitons \u00e0 un <b>temps<\/b><\/span><span><b> d&#8217;\u00e9changes autour de la maladie d&#8217;Alzheimer, le vendredi 12 septembre \u00e0 18h30 \u00e0 la salle Kejadenn de Logonna-Daoulas.<\/b><\/span><br class=\"html-br\"><br class=\"html-br\"><span>Lors de celui-ci, des professionnels de sant\u00e9 pr\u00e9senteront les \u00e9tapes de la maladie, les soins apport\u00e9s aux patients ainsi que des moyens de pr\u00e9vention. A la suite, des familles t\u00e9moigneront de leurs exp\u00e9riences.&nbsp;<\/span><\/p>\n<p><span style=\"font-size: inherit;\">Ce moment d&#8217;\u00e9changes sera suivi d&#8217;un temps convivial pour continuer la discussion.<\/span><\/p>\n<p><span class=\"html-span xexx8yu xyri2b x18d9i69 x1c1uobl x1hl2dhg x16tdsg8 x1vvkbs x3nfvp2 x1j61x8r x1fcty0u xdj266r xat24cr xm2jcoa x1mpyi22 xxymvpz xlup9mm x1kky2od\"><img decoding=\"async\" height=\"16\" width=\"16\" class=\"xz74otr x15mokao x1ga7v0g x16uus16 xbiv7yw\" alt=\"\ud83d\udc99\" referrerpolicy=\"origin-when-cross-origin\" src=\"https:\/\/static.xx.fbcdn.net\/images\/emoji.php\/v9\/t6c\/1\/16\/1f499.png\"><\/span><span>&nbsp; Parce qu&#8217;en parler, c&#8217;est d\u00e9j\u00e0 avancer<\/span><\/p>\t\t\t\t\t\t\t\t<\/div>\n\t\t\t\t<\/div>\n\t\t\t\t<div class=\"elementor-element elementor-element-a1f7930 elementor-widget elementor-widget-image\" data-id=\"a1f7930\" data-element_type=\"widget\" data-widget_type=\"image.default\">\n\t\t\t\t<div class=\"elementor-widget-container\">\n\t\t\t\t\t\t\t\t\t\t\t\t\t\t\t<img decoding=\"async\" width=\"750\" height=\"938\" src=\"https:\/\/myosotis-alzheimer.fr\/wp-content\/uploads\/2025\/09\/Echanges-autour-dAlzheimer-819x1024.jpg\" class=\"attachment-large size-large wp-image-202\" alt=\"\" srcset=\"https:\/\/myosotis-alzheimer.fr\/wp-content\/uploads\/2025\/09\/Echanges-autour-dAlzheimer-819x1024.jpg 819w, https:\/\/myosotis-alzheimer.fr\/wp-content\/uploads\/2025\/09\/Echanges-autour-dAlzheimer-240x300.jpg 240w, https:\/\/myosotis-alzheimer.fr\/wp-content\/uploads\/2025\/09\/Echanges-autour-dAlzheimer-768x960.jpg 768w, https:\/\/myosotis-alzheimer.fr\/wp-content\/uploads\/2025\/09\/Echanges-autour-dAlzheimer.jpg 1152w\" sizes=\"(max-width: 750px) 100vw, 750px\" \/>\t\t\t\t\t\t\t\t\t\t\t\t\t\t\t<\/div>\n\t\t\t\t<\/div>\n\t\t\t\t<\/div>\n\t\t\t\t<div class=\"elementor-element elementor-element-81fefeb elementor-widget-divider--view-line elementor-widget elementor-widget-divider\" data-id=\"81fefeb\" data-element_type=\"widget\" data-widget_type=\"divider.default\">\n\t\t\t\t<div class=\"elementor-widget-container\">\n\t\t\t\t\t\t\t<div class=\"elementor-divider\">\n\t\t\t<span class=\"elementor-divider-separator\">\n\t\t\t\t\t\t<\/span>\n\t\t<\/div>\n\t\t\t\t\t\t<\/div>\n\t\t\t\t<\/div>\n\t\t\t\t<div class=\"elementor-element elementor-element-d84fc75 elementor-widget elementor-widget-heading\" data-id=\"d84fc75\" data-element_type=\"widget\" data-widget_type=\"heading.default\">\n\t\t\t\t<div class=\"elementor-widget-container\">\n\t\t\t\t\t<h2 class=\"elementor-heading-title elementor-size-default\">Qui sommes nous ?<\/h2>\t\t\t\t<\/div>\n\t\t\t\t<\/div>\n\t\t\t\t<div class=\"elementor-element elementor-element-d5dbc76 elementor-widget elementor-widget-text-editor\" data-id=\"d5dbc76\" data-element_type=\"widget\" data-widget_type=\"text-editor.default\">\n\t\t\t\t<div class=\"elementor-widget-container\">\n\t\t\t\t\t\t\t\t\t<p><strong>Myosotis pour Alzheimer<\/strong> est une association fond\u00e9e par trois amies de 16 et 17 ans, anim\u00e9es par une m\u00eame volont\u00e9 : <strong>soutenir la recherche contre la maladie d\u2019Alzheimer.<\/strong><\/p><p>\u00c0 travers diverses actions solidaires et initiatives locales, elles se mobilisent pour r\u00e9colter des fonds et sensibiliser le public \u00e0 cette cause qui les touche particuli\u00e8rement.<\/p><p>Leur engagement t\u00e9moigne d\u2019une belle solidarit\u00e9 et d\u2019une d\u00e9termination \u00e0 faire la diff\u00e9rence, m\u00eame \u00e0 leur jeune \u00e2ge.<\/p>\t\t\t\t\t\t\t\t<\/div>\n\t\t\t\t<\/div>\n\t\t\t\t<div class=\"elementor-element elementor-element-c75c125 elementor-widget elementor-widget-text-editor\" data-id=\"c75c125\" data-element_type=\"widget\" data-widget_type=\"text-editor.default\">\n\t\t\t\t<div class=\"elementor-widget-container\">\n\t\t\t\t\t\t\t\t\t<p><em>Nous sommes toutes les trois lyc\u00e9ennes \u00e0 Brest et Landerneau.<\/em><\/p><p><em>Amies depuis plusieurs ann\u00e9es, c&#8217;est tout naturellement que nous nous sommes lanc\u00e9es ensemble dans cette aventure.<\/em><\/p>\t\t\t\t\t\t\t\t<\/div>\n\t\t\t\t<\/div>\n\t\t<div class=\"elementor-element elementor-element-8304dd6 e-grid e-con-full e-con e-child\" data-id=\"8304dd6\" data-element_type=\"container\">\n\t\t\t\t<div class=\"elementor-element elementor-element-e899d33 elementor-widget elementor-widget-image\" data-id=\"e899d33\" data-element_type=\"widget\" data-widget_type=\"image.default\">\n\t\t\t\t<div class=\"elementor-widget-container\">\n\t\t\t\t\t\t\t\t\t\t\t\t\t\t\t<img loading=\"lazy\" decoding=\"async\" width=\"750\" height=\"1000\" src=\"https:\/\/myosotis-alzheimer.fr\/wp-content\/uploads\/2025\/05\/WhatsApp-Image-2025-04-22-at-09.02.34-1-768x1024.jpeg\" class=\"attachment-large size-large wp-image-119\" alt=\"\" srcset=\"https:\/\/myosotis-alzheimer.fr\/wp-content\/uploads\/2025\/05\/WhatsApp-Image-2025-04-22-at-09.02.34-1-768x1024.jpeg 768w, https:\/\/myosotis-alzheimer.fr\/wp-content\/uploads\/2025\/05\/WhatsApp-Image-2025-04-22-at-09.02.34-1-225x300.jpeg 225w, https:\/\/myosotis-alzheimer.fr\/wp-content\/uploads\/2025\/05\/WhatsApp-Image-2025-04-22-at-09.02.34-1-1152x1536.jpeg 1152w, https:\/\/myosotis-alzheimer.fr\/wp-content\/uploads\/2025\/05\/WhatsApp-Image-2025-04-22-at-09.02.34-1.jpeg 1200w\" sizes=\"(max-width: 750px) 100vw, 750px\" \/>\t\t\t\t\t\t\t\t\t\t\t\t\t\t\t<\/div>\n\t\t\t\t<\/div>\n\t\t\t\t<div class=\"elementor-element elementor-element-9c48159 elementor-widget elementor-widget-image\" data-id=\"9c48159\" data-element_type=\"widget\" data-widget_type=\"image.default\">\n\t\t\t\t<div class=\"elementor-widget-container\">\n\t\t\t\t\t\t\t\t\t\t\t\t\t\t\t<img loading=\"lazy\" decoding=\"async\" width=\"750\" height=\"1000\" src=\"https:\/\/myosotis-alzheimer.fr\/wp-content\/uploads\/2025\/05\/WhatsApp-Image-2025-04-22-at-09.02.34-2-768x1024.jpeg\" class=\"attachment-large size-large wp-image-118\" alt=\"\" srcset=\"https:\/\/myosotis-alzheimer.fr\/wp-content\/uploads\/2025\/05\/WhatsApp-Image-2025-04-22-at-09.02.34-2-768x1024.jpeg 768w, https:\/\/myosotis-alzheimer.fr\/wp-content\/uploads\/2025\/05\/WhatsApp-Image-2025-04-22-at-09.02.34-2-225x300.jpeg 225w, https:\/\/myosotis-alzheimer.fr\/wp-content\/uploads\/2025\/05\/WhatsApp-Image-2025-04-22-at-09.02.34-2-1152x1536.jpeg 1152w, https:\/\/myosotis-alzheimer.fr\/wp-content\/uploads\/2025\/05\/WhatsApp-Image-2025-04-22-at-09.02.34-2.jpeg 1200w\" sizes=\"(max-width: 750px) 100vw, 750px\" \/>\t\t\t\t\t\t\t\t\t\t\t\t\t\t\t<\/div>\n\t\t\t\t<\/div>\n\t\t\t\t<div class=\"elementor-element elementor-element-e1ba69c elementor-widget elementor-widget-image\" data-id=\"e1ba69c\" data-element_type=\"widget\" data-widget_type=\"image.default\">\n\t\t\t\t<div class=\"elementor-widget-container\">\n\t\t\t\t\t\t\t\t\t\t\t\t\t\t\t<img loading=\"lazy\" decoding=\"async\" width=\"750\" height=\"1000\" src=\"https:\/\/myosotis-alzheimer.fr\/wp-content\/uploads\/2025\/05\/WhatsApp-Image-2025-04-22-at-09.02.34-3-768x1024.jpeg\" class=\"attachment-large size-large wp-image-117\" alt=\"\" srcset=\"https:\/\/myosotis-alzheimer.fr\/wp-content\/uploads\/2025\/05\/WhatsApp-Image-2025-04-22-at-09.02.34-3-768x1024.jpeg 768w, https:\/\/myosotis-alzheimer.fr\/wp-content\/uploads\/2025\/05\/WhatsApp-Image-2025-04-22-at-09.02.34-3-225x300.jpeg 225w, https:\/\/myosotis-alzheimer.fr\/wp-content\/uploads\/2025\/05\/WhatsApp-Image-2025-04-22-at-09.02.34-3-1152x1536.jpeg 1152w, https:\/\/myosotis-alzheimer.fr\/wp-content\/uploads\/2025\/05\/WhatsApp-Image-2025-04-22-at-09.02.34-3.jpeg 1200w\" sizes=\"(max-width: 750px) 100vw, 750px\" \/>\t\t\t\t\t\t\t\t\t\t\t\t\t\t\t<\/div>\n\t\t\t\t<\/div>\n\t\t\t\t<div class=\"elementor-element elementor-element-4cd8c29 elementor-widget elementor-widget-text-editor\" data-id=\"4cd8c29\" data-element_type=\"widget\" data-widget_type=\"text-editor.default\">\n\t\t\t\t<div class=\"elementor-widget-container\">\n\t\t\t\t\t\t\t\t\t<p><strong>Lili<\/strong><\/p><p><span>Elle a 17 ans, elle aime le handball et est jeune sapeur-pompier. <\/span><span>Personne n&#8217;a plus de motivation qu&#8217;elle : c&#8217;est une vraie force de proposition. Elle impressionne notre petite \u00e9quipe par ses id\u00e9es, toutes plus originales les unes que les autres, et on l&#8217;aime pour \u00e7a !<\/span><\/p>\t\t\t\t\t\t\t\t<\/div>\n\t\t\t\t<\/div>\n\t\t\t\t<div class=\"elementor-element elementor-element-1193da8 elementor-widget elementor-widget-text-editor\" data-id=\"1193da8\" data-element_type=\"widget\" data-widget_type=\"text-editor.default\">\n\t\t\t\t<div class=\"elementor-widget-container\">\n\t\t\t\t\t\t\t\t\t<p><strong>Aenor<\/strong><\/p><p><span>\u00c2g\u00e9e de 17 ans, elle aime le sport et rassembler les gens. <\/span><span>Discr\u00e8te mais toujours attentive, elle sait \u00e9couter, observer et trouver comment faire avancer les choses. Son seul d\u00e9faut ? Elle fait des to-do lists plus vite que son ombre.<\/span><\/p>\t\t\t\t\t\t\t\t<\/div>\n\t\t\t\t<\/div>\n\t\t\t\t<div class=\"elementor-element elementor-element-a0d0caf elementor-widget elementor-widget-text-editor\" data-id=\"a0d0caf\" data-element_type=\"widget\" data-widget_type=\"text-editor.default\">\n\t\t\t\t<div class=\"elementor-widget-container\">\n\t\t\t\t\t\t\t\t\t<p><strong>Mila<\/strong><\/p><p><span>Lyc\u00e9enne de 16 ans, elle \u00e9tudie les sciences, c&#8217;est une cavali\u00e8re aguerrie. <\/span><span>\u00c9milie, la grand-m\u00e8re de Mila, a montr\u00e9 les premiers signes d&#8217;Alzheimer il y a 7 ans. Depuis, c&#8217;est toute la famille qui s&#8217;entraide pour accompagner cette m\u00e8re de 5 enfants.<\/span><\/p>\t\t\t\t\t\t\t\t<\/div>\n\t\t\t\t<\/div>\n\t\t\t\t<\/div>\n\t\t\t\t\t<\/div>\n\t\t\t\t<\/div>\n\t\t<div class=\"elementor-element elementor-element-8cde78f e-flex e-con-boxed e-con e-parent\" data-id=\"8cde78f\" data-element_type=\"container\">\n\t\t\t\t\t<div class=\"e-con-inner\">\n\t\t\t\t<div class=\"elementor-element elementor-element-76597fd elementor-shape-rounded elementor-grid-0 e-grid-align-center elementor-widget elementor-widget-social-icons\" data-id=\"76597fd\" data-element_type=\"widget\" data-widget_type=\"social-icons.default\">\n\t\t\t\t<div class=\"elementor-widget-container\">\n\t\t\t\t\t\t\t<div class=\"elementor-social-icons-wrapper elementor-grid\">\n\t\t\t\t\t\t\t<span class=\"elementor-grid-item\">\n\t\t\t\t\t<a class=\"elementor-icon elementor-social-icon elementor-social-icon-facebook elementor-repeater-item-7ab6570\" href=\"https:\/\/www.facebook.com\/profile.php?id=61574135708367\" target=\"_blank\">\n\t\t\t\t\t\t<span class=\"elementor-screen-only\">Facebook<\/span>\n\t\t\t\t\t\t<svg class=\"e-font-icon-svg e-fab-facebook\" viewBox=\"0 0 512 512\" xmlns=\"http:\/\/www.w3.org\/2000\/svg\"><path d=\"M504 256C504 119 393 8 256 8S8 119 8 256c0 123.78 90.69 226.38 209.25 245V327.69h-63V256h63v-54.64c0-62.15 37-96.48 93.67-96.48 27.14 0 55.52 4.84 55.52 4.84v61h-31.28c-30.8 0-40.41 19.12-40.41 38.73V256h68.78l-11 71.69h-57.78V501C413.31 482.38 504 379.78 504 256z\"><\/path><\/svg>\t\t\t\t\t<\/a>\n\t\t\t\t<\/span>\n\t\t\t\t\t\t\t<span class=\"elementor-grid-item\">\n\t\t\t\t\t<a class=\"elementor-icon elementor-social-icon elementor-social-icon-instagram elementor-repeater-item-044839d\" href=\"https:\/\/www.instagram.com\/myosotis_alzheimer\/\" target=\"_blank\">\n\t\t\t\t\t\t<span class=\"elementor-screen-only\">Instagram<\/span>\n\t\t\t\t\t\t<svg class=\"e-font-icon-svg e-fab-instagram\" viewBox=\"0 0 448 512\" xmlns=\"http:\/\/www.w3.org\/2000\/svg\"><path d=\"M224.1 141c-63.6 0-114.9 51.3-114.9 114.9s51.3 114.9 114.9 114.9S339 319.5 339 255.9 287.7 141 224.1 141zm0 189.6c-41.1 0-74.7-33.5-74.7-74.7s33.5-74.7 74.7-74.7 74.7 33.5 74.7 74.7-33.6 74.7-74.7 74.7zm146.4-194.3c0 14.9-12 26.8-26.8 26.8-14.9 0-26.8-12-26.8-26.8s12-26.8 26.8-26.8 26.8 12 26.8 26.8zm76.1 27.2c-1.7-35.9-9.9-67.7-36.2-93.9-26.2-26.2-58-34.4-93.9-36.2-37-2.1-147.9-2.1-184.9 0-35.8 1.7-67.6 9.9-93.9 36.1s-34.4 58-36.2 93.9c-2.1 37-2.1 147.9 0 184.9 1.7 35.9 9.9 67.7 36.2 93.9s58 34.4 93.9 36.2c37 2.1 147.9 2.1 184.9 0 35.9-1.7 67.7-9.9 93.9-36.2 26.2-26.2 34.4-58 36.2-93.9 2.1-37 2.1-147.8 0-184.8zM398.8 388c-7.8 19.6-22.9 34.7-42.6 42.6-29.5 11.7-99.5 9-132.1 9s-102.7 2.6-132.1-9c-19.6-7.8-34.7-22.9-42.6-42.6-11.7-29.5-9-99.5-9-132.1s-2.6-102.7 9-132.1c7.8-19.6 22.9-34.7 42.6-42.6 29.5-11.7 99.5-9 132.1-9s102.7-2.6 132.1 9c19.6 7.8 34.7 22.9 42.6 42.6 11.7 29.5 9 99.5 9 132.1s2.7 102.7-9 132.1z\"><\/path><\/svg>\t\t\t\t\t<\/a>\n\t\t\t\t<\/span>\n\t\t\t\t\t<\/div>\n\t\t\t\t\t\t<\/div>\n\t\t\t\t<\/div>\n\t\t\t\t\t<\/div>\n\t\t\t\t<\/div>\n\t\t<div class=\"elementor-element elementor-element-a65af91 e-flex e-con-boxed e-con e-parent\" data-id=\"a65af91\" data-element_type=\"container\">\n\t\t\t\t\t<div class=\"e-con-inner\">\n\t\t\t\t<div class=\"elementor-element elementor-element-a092e45 elementor-widget elementor-widget-google_maps\" data-id=\"a092e45\" data-element_type=\"widget\" data-widget_type=\"google_maps.default\">\n\t\t\t\t<div class=\"elementor-widget-container\">\n\t\t\t\t\t\t\t<div class=\"elementor-custom-embed\">\n\t\t\t<iframe loading=\"lazy\"\n\t\t\t\t\tsrc=\"https:\/\/maps.google.com\/maps?q=17%20Lieu%20Dit%20Renever%20Logonna%20Daoulas&#038;t=m&#038;z=12&#038;output=embed&#038;iwloc=near\"\n\t\t\t\t\ttitle=\"17 Lieu Dit Renever Logonna Daoulas\"\n\t\t\t\t\taria-label=\"17 Lieu Dit Renever Logonna Daoulas\"\n\t\t\t><\/iframe>\n\t\t<\/div>\n\t\t\t\t\t\t<\/div>\n\t\t\t\t<\/div>\n\t\t\t\t\t<\/div>\n\t\t\t\t<\/div>\n\t\t\t\t<\/div>\n\t\t","protected":false},"excerpt":{"rendered":"<p>Nos prochains \u00e9v\u00e9nements Dimanche 21 septembre &#8211; Course et marches caritatives Je m&#8217;inscris L&#8217;association Myosotis vous propose un \u00e9v\u00e9nement sportif &amp; caritatif. Au programme : 3 parcours : course 5 km, marche 5 km et marche 10 km Buvette et restauration sur place Salle Kejadenn \u00e0 Logonna-Daoulas &#8211; De 9h [&hellip;]<\/p>\n","protected":false},"author":1,"featured_media":0,"parent":0,"menu_order":0,"comment_status":"closed","ping_status":"closed","template":"","meta":{"_themeisle_gutenberg_block_has_review":false,"footnotes":""},"class_list":["post-40","page","type-page","status-publish","hentry"],"_links":{"self":[{"href":"https:\/\/myosotis-alzheimer.fr\/index.php\/wp-json\/wp\/v2\/pages\/40","targetHints":{"allow":["GET"]}}],"collection":[{"href":"https:\/\/myosotis-alzheimer.fr\/index.php\/wp-json\/wp\/v2\/pages"}],"about":[{"href":"https:\/\/myosotis-alzheimer.fr\/index.php\/wp-json\/wp\/v2\/types\/page"}],"author":[{"embeddable":true,"href":"https:\/\/myosotis-alzheimer.fr\/index.php\/wp-json\/wp\/v2\/users\/1"}],"replies":[{"embeddable":true,"href":"https:\/\/myosotis-alzheimer.fr\/index.php\/wp-json\/wp\/v2\/comments?post=40"}],"version-history":[{"count":87,"href":"https:\/\/myosotis-alzheimer.fr\/index.php\/wp-json\/wp\/v2\/pages\/40\/revisions"}],"predecessor-version":[{"id":238,"href":"https:\/\/myosotis-alzheimer.fr\/index.php\/wp-json\/wp\/v2\/pages\/40\/revisions\/238"}],"wp:attachment":[{"href":"https:\/\/myosotis-alzheimer.fr\/index.php\/wp-json\/wp\/v2\/media?parent=40"}],"curies":[{"name":"wp","href":"https:\/\/api.w.org\/{rel}","templated":true}]}}