{"id":137,"date":"2025-05-22T15:53:56","date_gmt":"2025-05-22T13:53:56","guid":{"rendered":"https:\/\/myosotis-alzheimer.fr\/?page_id=137"},"modified":"2025-05-22T15:57:41","modified_gmt":"2025-05-22T13:57:41","slug":"elementor-137","status":"publish","type":"page","link":"https:\/\/myosotis-alzheimer.fr\/index.php\/elementor-137\/","title":{"rendered":"Mentions l\u00e9gales"},"content":{"rendered":"\t\t<div data-elementor-type=\"wp-page\" data-elementor-id=\"137\" class=\"elementor elementor-137\">\n\t\t\t\t<div class=\"elementor-element elementor-element-744f00a e-flex e-con-boxed e-con e-parent\" data-id=\"744f00a\" data-element_type=\"container\">\n\t\t\t\t\t<div class=\"e-con-inner\">\n\t\t\t\t<div class=\"elementor-element elementor-element-0ddfac2 elementor-widget elementor-widget-text-editor\" data-id=\"0ddfac2\" data-element_type=\"widget\" data-widget_type=\"text-editor.default\">\n\t\t\t\t<div class=\"elementor-widget-container\">\n\t\t\t\t\t\t\t\t\t<div class=\"ki-card-title\"><p>Mentions l\u00e9gales<\/p><\/div><div class=\"ki-card-content\"><p>Propri\u00e9taire du site<\/p><p>Le site est la propri\u00e9t\u00e9 de Myosotis pour Alzheimer<\/p><p>17 Renever 29460 Logonna-Daoulas<\/p><p>Responsable \u00e9ditorial<\/p><p>Le directeur de r\u00e9daction et de publication est l&#8217;association Myosotis pour Alzheimer<\/p><p>Adresse \u00e9lectronique : <span>myositis.alzheimer@gmail.com<\/span><\/p><p>Editeur du site<\/p><p>S\u00e9verine Quill\u00e9v\u00e9r\u00e9 est le prestataire technique fournisseur du site.<br \/>T\u00e9l\u00e9phone : 06 22 79 29 02\u00a0\u00a0<br \/>Si\u00e8ge social : 17 Renever 29460 Logonna-Daoulas<\/p><p>H\u00e9bergement du site<\/p><p>L&#8217;h\u00e9bergement du site est assur\u00e9 par OVH<br \/>SAS au capital de 10 069 020 \u20ac<br \/>RCS Lille M\u00e9tropole 424 761 419 00045<br \/>Code APE 2620Z<br \/>N\u00b0 TVA : FR 22 424 761 419<br \/>Si\u00e8ge social : 2 rue Kellermann, 59100 Roubaix, France<\/p><p>Droit d&#8217;opposition au d\u00e9marchage t\u00e9l\u00e9phonique<\/p><p>Nous vous informons de votre droit d&#8217;inscription \u00e0 la liste d&#8217;opposition pour le d\u00e9marchage t\u00e9l\u00e9phonique telle que BLOCTEL, conform\u00e9ment \u00e0 l&#8217;<a href=\"https:\/\/www.legifrance.gouv.fr\/codes\/article_lc\/LEGIARTI000032226759\/\" target=\"_blank\" rel=\"noopener\">article L. 223-2 du code de la consommation<\/a>. Plus d&#8217;informations sont disponibles sur :<span>\u00a0<\/span><a href=\"http:\/\/www.bloctel.gouv.fr\/\" target=\"_blank\" rel=\"noopener\">bloctel.gouv.fr<\/a><span>\u00a0<\/span>&#8211;<span>\u00a0<\/span><a href=\"https:\/\/conso.bloctel.fr\/\" target=\"_blank\" rel=\"noopener\">conso.bloctel.fr<\/a><\/p><\/div>\t\t\t\t\t\t\t\t<\/div>\n\t\t\t\t<\/div>\n\t\t\t\t\t<\/div>\n\t\t\t\t<\/div>\n\t\t\t\t<\/div>\n\t\t","protected":false},"excerpt":{"rendered":"<p>Mentions l\u00e9gales Propri\u00e9taire du site Le site est la propri\u00e9t\u00e9 de Myosotis pour Alzheimer 17 Renever 29460 Logonna-Daoulas Responsable \u00e9ditorial Le directeur de r\u00e9daction et de publication est l&#8217;association Myosotis pour Alzheimer Adresse \u00e9lectronique : myositis.alzheimer@gmail.com Editeur du site S\u00e9verine Quill\u00e9v\u00e9r\u00e9 est le prestataire technique fournisseur du site.T\u00e9l\u00e9phone : 06 [&hellip;]<\/p>\n","protected":false},"author":1,"featured_media":0,"parent":0,"menu_order":0,"comment_status":"closed","ping_status":"closed","template":"page-templates\/template-pagebuilder-full-width.php","meta":{"_themeisle_gutenberg_block_has_review":false,"footnotes":""},"class_list":["post-137","page","type-page","status-publish","hentry"],"_links":{"self":[{"href":"https:\/\/myosotis-alzheimer.fr\/index.php\/wp-json\/wp\/v2\/pages\/137","targetHints":{"allow":["GET"]}}],"collection":[{"href":"https:\/\/myosotis-alzheimer.fr\/index.php\/wp-json\/wp\/v2\/pages"}],"about":[{"href":"https:\/\/myosotis-alzheimer.fr\/index.php\/wp-json\/wp\/v2\/types\/page"}],"author":[{"embeddable":true,"href":"https:\/\/myosotis-alzheimer.fr\/index.php\/wp-json\/wp\/v2\/users\/1"}],"replies":[{"embeddable":true,"href":"https:\/\/myosotis-alzheimer.fr\/index.php\/wp-json\/wp\/v2\/comments?post=137"}],"version-history":[{"count":7,"href":"https:\/\/myosotis-alzheimer.fr\/index.php\/wp-json\/wp\/v2\/pages\/137\/revisions"}],"predecessor-version":[{"id":144,"href":"https:\/\/myosotis-alzheimer.fr\/index.php\/wp-json\/wp\/v2\/pages\/137\/revisions\/144"}],"wp:attachment":[{"href":"https:\/\/myosotis-alzheimer.fr\/index.php\/wp-json\/wp\/v2\/media?parent=137"}],"curies":[{"name":"wp","href":"https:\/\/api.w.org\/{rel}","templated":true}]}}